{"id":2460,"date":"2026-03-12T17:35:20","date_gmt":"2026-03-12T17:35:20","guid":{"rendered":"https:\/\/new.vihupole.com\/?page_id=2460"},"modified":"2026-03-23T17:45:29","modified_gmt":"2026-03-23T17:45:29","slug":"obrigado","status":"publish","type":"page","link":"https:\/\/new.vihupole.com\/en\/obrigado\/","title":{"rendered":"Obrigado"},"content":{"rendered":"<div data-elementor-type=\"wp-page\" data-elementor-id=\"2460\" class=\"elementor elementor-2460\" data-elementor-post-type=\"page\">\n\t\t\t\t<div data-uael-partstyle=\"default\" data-uael-partcolor=\"#97C584\" data-uael-partopacity=\"0.5\" data-uael-partdirection=\"bottom\" data-uael-partnum=\"20\" data-uael-partsize=\"\" data-uael-partspeed=\"2\" data-uael-interactive=\"yes\" class=\"elementor-element elementor-element-6c325ddc e-con-full mesh-bg uael-particle-yes uael-particle-adv-yes e-flex e-con e-parent\" data-id=\"6c325ddc\" data-element_type=\"container\">\n\t\t<div class=\"elementor-element elementor-element-d0e2575 e-con-full e-flex e-con e-child\" data-id=\"d0e2575\" data-element_type=\"container\">\n\t\t\t\t<div class=\"elementor-element elementor-element-6d0e370e e-transform elementor-widget elementor-widget-heading\" data-id=\"6d0e370e\" data-element_type=\"widget\" data-settings=\"{&quot;_transform_scale_effect_hover&quot;:{&quot;unit&quot;:&quot;px&quot;,&quot;size&quot;:1.100000000000000088817841970012523233890533447265625,&quot;sizes&quot;:[]},&quot;_transform_scale_effect_hover_tablet&quot;:{&quot;unit&quot;:&quot;px&quot;,&quot;size&quot;:&quot;&quot;,&quot;sizes&quot;:[]},&quot;_transform_scale_effect_hover_mobile&quot;:{&quot;unit&quot;:&quot;px&quot;,&quot;size&quot;:&quot;&quot;,&quot;sizes&quot;:[]}}\" data-widget_type=\"heading.default\">\n\t\t\t\t\t\t\t<h2 class=\"elementor-heading-title elementor-size-default\">Thank you.<\/h2>\t\t\t\t<\/div>\n\t\t\t\t<div class=\"elementor-element elementor-element-7749cd40 elementor-drop-cap-yes elementor-drop-cap-view-default elementor-widget elementor-widget-text-editor\" data-id=\"7749cd40\" data-element_type=\"widget\" data-settings=\"{&quot;drop_cap&quot;:&quot;yes&quot;}\" data-widget_type=\"text-editor.default\">\n\t\t\t\t\t\t\t\t\t\t\t<h5>Our team will review and get in touch as soon as possible.<\/h5><h5>If you wish to make a new configuration, <span style=\"text-decoration: underline\"><a href=\"https:\/\/new.vihupole.com\/en\/configurador\/\">click here.<\/a><\/span><\/h5>\t\t\t\t\t\t\t\t<\/div>\n\t\t\t\t<\/div>\n\t\t\t\t<\/div>\n\t\t\t\t<\/div>","protected":false},"excerpt":{"rendered":"<p>Obrigado. A nossa equipa ir\u00e1 analisar e entrar\u00e1 em contacto o mais rapidamente poss\u00edvel. Se pretender fazer uma nova configura\u00e7\u00e3o, clique aqui.<\/p>","protected":false},"author":1,"featured_media":0,"parent":0,"menu_order":0,"comment_status":"closed","ping_status":"closed","template":"","meta":{"_acf_changed":false,"site-sidebar-layout":"no-sidebar","site-content-layout":"page-builder","ast-site-content-layout":"full-width-container","site-content-style":"unboxed","site-sidebar-style":"unboxed","ast-global-header-display":"","ast-banner-title-visibility":"","ast-main-header-display":"","ast-hfb-above-header-display":"","ast-hfb-below-header-display":"","ast-hfb-mobile-header-display":"","site-post-title":"disabled","ast-breadcrumbs-content":"","ast-featured-img":"disabled","footer-sml-layout":"","ast-disable-related-posts":"","theme-transparent-header-meta":"","adv-header-id-meta":"","stick-header-meta":"","header-above-stick-meta":"","header-main-stick-meta":"","header-below-stick-meta":"","astra-migrate-meta-layouts":"set","ast-page-background-enabled":"default","ast-page-background-meta":{"desktop":{"background-color":"var(--ast-global-color-4)","background-image":"","background-repeat":"repeat","background-position":"center center","background-size":"auto","background-attachment":"scroll","background-type":"","background-media":"","overlay-type":"","overlay-color":"","overlay-opacity":"","overlay-gradient":""},"tablet":{"background-color":"","background-image":"","background-repeat":"repeat","background-position":"center center","background-size":"auto","background-attachment":"scroll","background-type":"","background-media":"","overlay-type":"","overlay-color":"","overlay-opacity":"","overlay-gradient":""},"mobile":{"background-color":"","background-image":"","background-repeat":"repeat","background-position":"center center","background-size":"auto","background-attachment":"scroll","background-type":"","background-media":"","overlay-type":"","overlay-color":"","overlay-opacity":"","overlay-gradient":""}},"ast-content-background-meta":{"desktop":{"background-color":"var(--ast-global-color-5)","background-image":"","background-repeat":"repeat","background-position":"center center","background-size":"auto","background-attachment":"scroll","background-type":"","background-media":"","overlay-type":"","overlay-color":"","overlay-opacity":"","overlay-gradient":""},"tablet":{"background-color":"var(--ast-global-color-5)","background-image":"","background-repeat":"repeat","background-position":"center center","background-size":"auto","background-attachment":"scroll","background-type":"","background-media":"","overlay-type":"","overlay-color":"","overlay-opacity":"","overlay-gradient":""},"mobile":{"background-color":"var(--ast-global-color-5)","background-image":"","background-repeat":"repeat","background-position":"center center","background-size":"auto","background-attachment":"scroll","background-type":"","background-media":"","overlay-type":"","overlay-color":"","overlay-opacity":"","overlay-gradient":""}},"footnotes":""},"class_list":["post-2460","page","type-page","status-publish","hentry"],"acf":[],"_links":{"self":[{"href":"https:\/\/new.vihupole.com\/en\/wp-json\/wp\/v2\/pages\/2460","targetHints":{"allow":["GET"]}}],"collection":[{"href":"https:\/\/new.vihupole.com\/en\/wp-json\/wp\/v2\/pages"}],"about":[{"href":"https:\/\/new.vihupole.com\/en\/wp-json\/wp\/v2\/types\/page"}],"author":[{"embeddable":true,"href":"https:\/\/new.vihupole.com\/en\/wp-json\/wp\/v2\/users\/1"}],"replies":[{"embeddable":true,"href":"https:\/\/new.vihupole.com\/en\/wp-json\/wp\/v2\/comments?post=2460"}],"version-history":[{"count":14,"href":"https:\/\/new.vihupole.com\/en\/wp-json\/wp\/v2\/pages\/2460\/revisions"}],"predecessor-version":[{"id":2806,"href":"https:\/\/new.vihupole.com\/en\/wp-json\/wp\/v2\/pages\/2460\/revisions\/2806"}],"wp:attachment":[{"href":"https:\/\/new.vihupole.com\/en\/wp-json\/wp\/v2\/media?parent=2460"}],"curies":[{"name":"wp","href":"https:\/\/api.w.org\/{rel}","templated":true}]}}